{"id":21854,"date":"2021-10-27T15:00:49","date_gmt":"2022-01-21T11:10:49","guid":{"rendered":"https:\/\/www.cappellidesign.com\/shop\/sketchbook_cappelli_identity-design\/"},"modified":"2022-11-30T15:42:25","modified_gmt":"2022-11-30T15:42:25","slug":"sketchbook-cappelli-identity-design","status":"publish","type":"product","link":"https:\/\/www.cappellidesign.com\/es\/shop\/sketchbook-cappelli-identity-design\/","title":{"rendered":"Sketchbook Cappelli Identity Design"},"content":{"rendered":"<p>Cuaderno de bocetos de p\u00e1gina en blanco<\/p>\n<p><strong>Dise\u00f1o<\/strong>: Cappelli Identity Design<br \/>\n<strong>Tama\u00f1o<\/strong>: 18x25cm<br \/>\n<strong>P\u00e1ginas<\/strong>: 50<br \/>\n<strong>Color de la cubierta<\/strong>: negro<\/p>\n<p>150 copias disponibles<\/p>\n","protected":false},"excerpt":{"rendered":"<p>Tiempo medio de env\u00edo: 5 d\u00edas para env\u00edos nacionales y 15 d\u00edas en todo el mundo.<\/p>\n","protected":false},"featured_media":36878,"comment_status":"closed","ping_status":"closed","template":"","meta":{"_acf_changed":false},"product_cat":[417],"product_tag":[],"acf":[],"yoast_head":"<!-- This site is optimized with the Yoast SEO plugin v24.5 - https:\/\/yoast.com\/wordpress\/plugins\/seo\/ -->\n<title>Sketchbook Cappelli Identity Design - Cappelli Identity Design<\/title>\n<meta name=\"description\" content=\"Cuaderno de bocetos de p\u00e1gina en blanco. Dise\u00f1o: Cappelli Identity Design\" \/>\n<meta name=\"robots\" content=\"index, follow, max-snippet:-1, max-image-preview:large, max-video-preview:-1\" \/>\n<link rel=\"canonical\" href=\"https:\/\/www.cappellidesign.com\/es\/shop\/sketchbook-cappelli-identity-design\/\" \/>\n<meta property=\"og:locale\" content=\"es_ES\" \/>\n<meta property=\"og:type\" content=\"article\" \/>\n<meta property=\"og:title\" content=\"Sketchbook Cappelli Identity Design - Cappelli Identity Design\" \/>\n<meta property=\"og:description\" content=\"Cuaderno de bocetos de p\u00e1gina en blanco. Dise\u00f1o: Cappelli Identity Design\" \/>\n<meta property=\"og:url\" content=\"https:\/\/www.cappellidesign.com\/es\/shop\/sketchbook-cappelli-identity-design\/\" \/>\n<meta property=\"og:site_name\" content=\"Cappelli Identity Design\" \/>\n<meta property=\"article:publisher\" content=\"https:\/\/www.facebook.com\/cappellidesign\/\" \/>\n<meta property=\"article:modified_time\" content=\"2022-11-30T15:42:25+00:00\" \/>\n<meta property=\"og:image\" content=\"https:\/\/www.cappellidesign.com\/wp-content\/uploads\/2021\/10\/CID_Shop_Olivetti_Sketchbook_02.jpg\" \/>\n\t<meta property=\"og:image:width\" content=\"1920\" \/>\n\t<meta property=\"og:image:height\" content=\"1920\" \/>\n\t<meta property=\"og:image:type\" content=\"image\/jpeg\" \/>\n<meta name=\"twitter:card\" content=\"summary_large_image\" \/>\n<meta name=\"twitter:site\" content=\"@cappellidesign\" \/>\n<meta name=\"twitter:label1\" content=\"Est. reading time\" \/>\n\t<meta name=\"twitter:data1\" content=\"1 minute\" \/>\n<script type=\"application\/ld+json\" class=\"yoast-schema-graph\">{\"@context\":\"https:\/\/schema.org\",\"@graph\":[{\"@type\":\"WebPage\",\"@id\":\"https:\/\/www.cappellidesign.com\/es\/shop\/sketchbook-cappelli-identity-design\/\",\"url\":\"https:\/\/www.cappellidesign.com\/es\/shop\/sketchbook-cappelli-identity-design\/\",\"name\":\"Sketchbook Cappelli Identity Design - Cappelli Identity Design\",\"isPartOf\":{\"@id\":\"https:\/\/www.cappellidesign.com\/es\/#website\"},\"primaryImageOfPage\":{\"@id\":\"https:\/\/www.cappellidesign.com\/es\/shop\/sketchbook-cappelli-identity-design\/#primaryimage\"},\"image\":{\"@id\":\"https:\/\/www.cappellidesign.com\/es\/shop\/sketchbook-cappelli-identity-design\/#primaryimage\"},\"thumbnailUrl\":\"https:\/\/www.cappellidesign.com\/wp-content\/uploads\/2021\/10\/CID_Shop_Olivetti_Sketchbook_02.jpg\",\"datePublished\":\"2022-01-21T11:10:49+00:00\",\"dateModified\":\"2022-11-30T15:42:25+00:00\",\"description\":\"Cuaderno de bocetos de p\u00e1gina en blanco. Dise\u00f1o: Cappelli Identity Design\",\"breadcrumb\":{\"@id\":\"https:\/\/www.cappellidesign.com\/es\/shop\/sketchbook-cappelli-identity-design\/#breadcrumb\"},\"inLanguage\":\"es-ES\",\"potentialAction\":[{\"@type\":\"ReadAction\",\"target\":[\"https:\/\/www.cappellidesign.com\/es\/shop\/sketchbook-cappelli-identity-design\/\"]}]},{\"@type\":\"ImageObject\",\"inLanguage\":\"es-ES\",\"@id\":\"https:\/\/www.cappellidesign.com\/es\/shop\/sketchbook-cappelli-identity-design\/#primaryimage\",\"url\":\"https:\/\/www.cappellidesign.com\/wp-content\/uploads\/2021\/10\/CID_Shop_Olivetti_Sketchbook_02.jpg\",\"contentUrl\":\"https:\/\/www.cappellidesign.com\/wp-content\/uploads\/2021\/10\/CID_Shop_Olivetti_Sketchbook_02.jpg\",\"width\":1920,\"height\":1920,\"caption\":\"Sketchbook Cappelli Identity Design\"},{\"@type\":\"BreadcrumbList\",\"@id\":\"https:\/\/www.cappellidesign.com\/es\/shop\/sketchbook-cappelli-identity-design\/#breadcrumb\",\"itemListElement\":[{\"@type\":\"ListItem\",\"position\":1,\"name\":\"Home\",\"item\":\"https:\/\/www.cappellidesign.com\/es\/\"},{\"@type\":\"ListItem\",\"position\":2,\"name\":\"Shop\",\"item\":\"https:\/\/www.cappellidesign.com\/es\/shop\/\"},{\"@type\":\"ListItem\",\"position\":3,\"name\":\"Sketchbook Cappelli Identity Design\"}]},{\"@type\":\"WebSite\",\"@id\":\"https:\/\/www.cappellidesign.com\/es\/#website\",\"url\":\"https:\/\/www.cappellidesign.com\/es\/\",\"name\":\"Cappelli Identity Design\",\"description\":\"\",\"publisher\":{\"@id\":\"https:\/\/www.cappellidesign.com\/es\/#organization\"},\"potentialAction\":[{\"@type\":\"SearchAction\",\"target\":{\"@type\":\"EntryPoint\",\"urlTemplate\":\"https:\/\/www.cappellidesign.com\/es\/?s={search_term_string}\"},\"query-input\":{\"@type\":\"PropertyValueSpecification\",\"valueRequired\":true,\"valueName\":\"search_term_string\"}}],\"inLanguage\":\"es-ES\"},{\"@type\":\"Organization\",\"@id\":\"https:\/\/www.cappellidesign.com\/es\/#organization\",\"name\":\"Cappelli Identity Design\",\"url\":\"https:\/\/www.cappellidesign.com\/es\/\",\"logo\":{\"@type\":\"ImageObject\",\"inLanguage\":\"es-ES\",\"@id\":\"https:\/\/www.cappellidesign.com\/es\/#\/schema\/logo\/image\/\",\"url\":\"https:\/\/www.cappellidesign.com\/wp-content\/uploads\/2019\/12\/cappellidesign_logo.svg\",\"contentUrl\":\"https:\/\/www.cappellidesign.com\/wp-content\/uploads\/2019\/12\/cappellidesign_logo.svg\",\"width\":369,\"height\":17,\"caption\":\"Cappelli Identity Design\"},\"image\":{\"@id\":\"https:\/\/www.cappellidesign.com\/es\/#\/schema\/logo\/image\/\"},\"sameAs\":[\"https:\/\/www.facebook.com\/cappellidesign\/\",\"https:\/\/x.com\/cappellidesign\",\"https:\/\/www.instagram.com\/cappellidesign\",\"https:\/\/www.linkedin.com\/company\/cappelli-identity-design\/\"]}]}<\/script>\n<!-- \/ Yoast SEO plugin. -->","yoast_head_json":{"title":"Sketchbook Cappelli Identity Design - Cappelli Identity Design","description":"Cuaderno de bocetos de p\u00e1gina en blanco. Dise\u00f1o: Cappelli Identity Design","robots":{"index":"index","follow":"follow","max-snippet":"max-snippet:-1","max-image-preview":"max-image-preview:large","max-video-preview":"max-video-preview:-1"},"canonical":"https:\/\/www.cappellidesign.com\/es\/shop\/sketchbook-cappelli-identity-design\/","og_locale":"es_ES","og_type":"article","og_title":"Sketchbook Cappelli Identity Design - Cappelli Identity Design","og_description":"Cuaderno de bocetos de p\u00e1gina en blanco. Dise\u00f1o: Cappelli Identity Design","og_url":"https:\/\/www.cappellidesign.com\/es\/shop\/sketchbook-cappelli-identity-design\/","og_site_name":"Cappelli Identity Design","article_publisher":"https:\/\/www.facebook.com\/cappellidesign\/","article_modified_time":"2022-11-30T15:42:25+00:00","og_image":[{"width":1920,"height":1920,"url":"https:\/\/www.cappellidesign.com\/wp-content\/uploads\/2021\/10\/CID_Shop_Olivetti_Sketchbook_02.jpg","type":"image\/jpeg"}],"twitter_card":"summary_large_image","twitter_site":"@cappellidesign","twitter_misc":{"Est. reading time":"1 minute"},"schema":{"@context":"https:\/\/schema.org","@graph":[{"@type":"WebPage","@id":"https:\/\/www.cappellidesign.com\/es\/shop\/sketchbook-cappelli-identity-design\/","url":"https:\/\/www.cappellidesign.com\/es\/shop\/sketchbook-cappelli-identity-design\/","name":"Sketchbook Cappelli Identity Design - Cappelli Identity Design","isPartOf":{"@id":"https:\/\/www.cappellidesign.com\/es\/#website"},"primaryImageOfPage":{"@id":"https:\/\/www.cappellidesign.com\/es\/shop\/sketchbook-cappelli-identity-design\/#primaryimage"},"image":{"@id":"https:\/\/www.cappellidesign.com\/es\/shop\/sketchbook-cappelli-identity-design\/#primaryimage"},"thumbnailUrl":"https:\/\/www.cappellidesign.com\/wp-content\/uploads\/2021\/10\/CID_Shop_Olivetti_Sketchbook_02.jpg","datePublished":"2022-01-21T11:10:49+00:00","dateModified":"2022-11-30T15:42:25+00:00","description":"Cuaderno de bocetos de p\u00e1gina en blanco. Dise\u00f1o: Cappelli Identity Design","breadcrumb":{"@id":"https:\/\/www.cappellidesign.com\/es\/shop\/sketchbook-cappelli-identity-design\/#breadcrumb"},"inLanguage":"es-ES","potentialAction":[{"@type":"ReadAction","target":["https:\/\/www.cappellidesign.com\/es\/shop\/sketchbook-cappelli-identity-design\/"]}]},{"@type":"ImageObject","inLanguage":"es-ES","@id":"https:\/\/www.cappellidesign.com\/es\/shop\/sketchbook-cappelli-identity-design\/#primaryimage","url":"https:\/\/www.cappellidesign.com\/wp-content\/uploads\/2021\/10\/CID_Shop_Olivetti_Sketchbook_02.jpg","contentUrl":"https:\/\/www.cappellidesign.com\/wp-content\/uploads\/2021\/10\/CID_Shop_Olivetti_Sketchbook_02.jpg","width":1920,"height":1920,"caption":"Sketchbook Cappelli Identity Design"},{"@type":"BreadcrumbList","@id":"https:\/\/www.cappellidesign.com\/es\/shop\/sketchbook-cappelli-identity-design\/#breadcrumb","itemListElement":[{"@type":"ListItem","position":1,"name":"Home","item":"https:\/\/www.cappellidesign.com\/es\/"},{"@type":"ListItem","position":2,"name":"Shop","item":"https:\/\/www.cappellidesign.com\/es\/shop\/"},{"@type":"ListItem","position":3,"name":"Sketchbook Cappelli Identity Design"}]},{"@type":"WebSite","@id":"https:\/\/www.cappellidesign.com\/es\/#website","url":"https:\/\/www.cappellidesign.com\/es\/","name":"Cappelli Identity Design","description":"","publisher":{"@id":"https:\/\/www.cappellidesign.com\/es\/#organization"},"potentialAction":[{"@type":"SearchAction","target":{"@type":"EntryPoint","urlTemplate":"https:\/\/www.cappellidesign.com\/es\/?s={search_term_string}"},"query-input":{"@type":"PropertyValueSpecification","valueRequired":true,"valueName":"search_term_string"}}],"inLanguage":"es-ES"},{"@type":"Organization","@id":"https:\/\/www.cappellidesign.com\/es\/#organization","name":"Cappelli Identity Design","url":"https:\/\/www.cappellidesign.com\/es\/","logo":{"@type":"ImageObject","inLanguage":"es-ES","@id":"https:\/\/www.cappellidesign.com\/es\/#\/schema\/logo\/image\/","url":"https:\/\/www.cappellidesign.com\/wp-content\/uploads\/2019\/12\/cappellidesign_logo.svg","contentUrl":"https:\/\/www.cappellidesign.com\/wp-content\/uploads\/2019\/12\/cappellidesign_logo.svg","width":369,"height":17,"caption":"Cappelli Identity Design"},"image":{"@id":"https:\/\/www.cappellidesign.com\/es\/#\/schema\/logo\/image\/"},"sameAs":["https:\/\/www.facebook.com\/cappellidesign\/","https:\/\/x.com\/cappellidesign","https:\/\/www.instagram.com\/cappellidesign","https:\/\/www.linkedin.com\/company\/cappelli-identity-design\/"]}]}},"_links":{"self":[{"href":"https:\/\/www.cappellidesign.com\/es\/wp-json\/wp\/v2\/product\/21854"}],"collection":[{"href":"https:\/\/www.cappellidesign.com\/es\/wp-json\/wp\/v2\/product"}],"about":[{"href":"https:\/\/www.cappellidesign.com\/es\/wp-json\/wp\/v2\/types\/product"}],"replies":[{"embeddable":true,"href":"https:\/\/www.cappellidesign.com\/es\/wp-json\/wp\/v2\/comments?post=21854"}],"wp:featuredmedia":[{"embeddable":true,"href":"https:\/\/www.cappellidesign.com\/es\/wp-json\/wp\/v2\/media\/36878"}],"wp:attachment":[{"href":"https:\/\/www.cappellidesign.com\/es\/wp-json\/wp\/v2\/media?parent=21854"}],"wp:term":[{"taxonomy":"product_cat","embeddable":true,"href":"https:\/\/www.cappellidesign.com\/es\/wp-json\/wp\/v2\/product_cat?post=21854"},{"taxonomy":"product_tag","embeddable":true,"href":"https:\/\/www.cappellidesign.com\/es\/wp-json\/wp\/v2\/product_tag?post=21854"}],"curies":[{"name":"wp","href":"https:\/\/api.w.org\/{rel}","templated":true}]}}