{"id":21859,"date":"2022-02-11T15:00:10","date_gmt":"2022-02-11T15:00:10","guid":{"rendered":"https:\/\/www.cappellidesign.com\/shop\/ri-tratto-rosso-catalogo-mostra\/"},"modified":"2022-11-30T16:10:29","modified_gmt":"2022-11-30T16:10:29","slug":"ri-tratto-rosso-catalogo-mostra","status":"publish","type":"product","link":"https:\/\/www.cappellidesign.com\/es\/shop\/ri-tratto-rosso-catalogo-mostra\/","title":{"rendered":"Ri-tratto Rosso, Cat\u00e1logo de exposiciones"},"content":{"rendered":"<p>Colecci\u00f3n de instant\u00e1neas de la fot\u00f3grafa Elisabetta Catalano, expuesta en el Teatro 1 de Cinecitt\u00e0, Roma, para la exposici\u00f3n fotogr\u00e1fica: &#8220;<span style=\"font-weight: 400;\">Ri-tratto Rosso, Elisabetta Catalano guarda Federico Fellini<\/span>&#8220;.<\/p>\n<p><strong>P\u00e1ginas<\/strong>: 140<br \/>\n<strong>Dimensiones<\/strong>: 16,4 x 24 cm<br \/>\n<strong>Cubierta<\/strong>: con solapas<br \/>\n<strong>Edici\u00f3n<\/strong>: 2021, italiano<\/p>\n","protected":false},"excerpt":{"rendered":"<p><strong>Cat\u00e1logo editado por<\/strong>: Archivo Elisabetta Catalano<br \/>\n<strong>Director<\/strong>: Aldo Enrico Ponis<br \/>\n<strong>Concepto y dise\u00f1o gr\u00e1fico<\/strong>: Emanuele Cappelli, Aldo Enrico Ponis<br \/>\n<strong>Supervisi\u00f3n editorial<\/strong>: Manfredi Nicol\u00f2 Maretti<br \/>\n<strong>Asistencia al proyecto<\/strong>: Piero Cremonese, Magda Roveri<br \/>\n<strong>Textos editados por<\/strong>: Emanuele Cappelli, Laura Cherubini, Camilla Cormanni, Giancarlo Di Gregorio, Aldo Enrico Ponis, Raffaele Simongini<br \/>\n<strong>Foto<\/strong>: Cinzia Capparelli, Piero Cremonese<br \/>\n<strong>Traducciones<\/strong>: Jessica Edwards<\/p>\n<p>Impreso y encuadernado en Italia por Manfredi Edizioni, Imola. Primera edici\u00f3n, 2021.<\/p>\n","protected":false},"featured_media":36860,"comment_status":"closed","ping_status":"closed","template":"","meta":{"_acf_changed":false},"product_cat":[418],"product_tag":[],"acf":[],"yoast_head":"<!-- This site is optimized with the Yoast SEO plugin v24.5 - https:\/\/yoast.com\/wordpress\/plugins\/seo\/ -->\n<title>Ri-tratto Rosso, Cat\u00e1logo de exposiciones<\/title>\n<meta name=\"description\" content=\"Colecci\u00f3n de fotograf\u00edas de la fot\u00f3grafa Elisabetta Catalano, expuesta en el Teatro 1 de Cinecitt\u00e0, Roma.\" \/>\n<meta name=\"robots\" content=\"index, follow, max-snippet:-1, max-image-preview:large, max-video-preview:-1\" \/>\n<link rel=\"canonical\" href=\"https:\/\/www.cappellidesign.com\/es\/shop\/ri-tratto-rosso-catalogo-mostra\/\" \/>\n<meta property=\"og:locale\" content=\"es_ES\" \/>\n<meta property=\"og:type\" content=\"article\" \/>\n<meta property=\"og:title\" content=\"Ri-tratto Rosso, Cat\u00e1logo de exposiciones\" \/>\n<meta property=\"og:description\" content=\"Colecci\u00f3n de fotograf\u00edas de la fot\u00f3grafa Elisabetta Catalano, expuesta en el Teatro 1 de Cinecitt\u00e0, Roma.\" \/>\n<meta property=\"og:url\" content=\"https:\/\/www.cappellidesign.com\/es\/shop\/ri-tratto-rosso-catalogo-mostra\/\" \/>\n<meta property=\"og:site_name\" content=\"Cappelli Identity Design\" \/>\n<meta property=\"article:publisher\" content=\"https:\/\/www.facebook.com\/cappellidesign\/\" \/>\n<meta property=\"article:modified_time\" content=\"2022-11-30T16:10:29+00:00\" \/>\n<meta property=\"og:image\" content=\"https:\/\/www.cappellidesign.com\/wp-content\/uploads\/2022\/02\/CID_Shop_RitrattoRosso.jpg\" \/>\n\t<meta property=\"og:image:width\" content=\"1920\" \/>\n\t<meta property=\"og:image:height\" content=\"1080\" \/>\n\t<meta property=\"og:image:type\" content=\"image\/jpeg\" \/>\n<meta name=\"twitter:card\" content=\"summary_large_image\" \/>\n<meta name=\"twitter:site\" content=\"@cappellidesign\" \/>\n<meta name=\"twitter:label1\" content=\"Est. reading time\" \/>\n\t<meta name=\"twitter:data1\" content=\"1 minute\" \/>\n<script type=\"application\/ld+json\" class=\"yoast-schema-graph\">{\"@context\":\"https:\/\/schema.org\",\"@graph\":[{\"@type\":\"WebPage\",\"@id\":\"https:\/\/www.cappellidesign.com\/es\/shop\/ri-tratto-rosso-catalogo-mostra\/\",\"url\":\"https:\/\/www.cappellidesign.com\/es\/shop\/ri-tratto-rosso-catalogo-mostra\/\",\"name\":\"Ri-tratto Rosso, Cat\u00e1logo de exposiciones\",\"isPartOf\":{\"@id\":\"https:\/\/www.cappellidesign.com\/es\/#website\"},\"primaryImageOfPage\":{\"@id\":\"https:\/\/www.cappellidesign.com\/es\/shop\/ri-tratto-rosso-catalogo-mostra\/#primaryimage\"},\"image\":{\"@id\":\"https:\/\/www.cappellidesign.com\/es\/shop\/ri-tratto-rosso-catalogo-mostra\/#primaryimage\"},\"thumbnailUrl\":\"https:\/\/www.cappellidesign.com\/wp-content\/uploads\/2022\/02\/CID_Shop_RitrattoRosso_SfondoCaldo.jpg\",\"datePublished\":\"2022-02-11T15:00:10+00:00\",\"dateModified\":\"2022-11-30T16:10:29+00:00\",\"description\":\"Colecci\u00f3n de fotograf\u00edas de la fot\u00f3grafa Elisabetta Catalano, expuesta en el Teatro 1 de Cinecitt\u00e0, Roma.\",\"breadcrumb\":{\"@id\":\"https:\/\/www.cappellidesign.com\/es\/shop\/ri-tratto-rosso-catalogo-mostra\/#breadcrumb\"},\"inLanguage\":\"es-ES\",\"potentialAction\":[{\"@type\":\"ReadAction\",\"target\":[\"https:\/\/www.cappellidesign.com\/es\/shop\/ri-tratto-rosso-catalogo-mostra\/\"]}]},{\"@type\":\"ImageObject\",\"inLanguage\":\"es-ES\",\"@id\":\"https:\/\/www.cappellidesign.com\/es\/shop\/ri-tratto-rosso-catalogo-mostra\/#primaryimage\",\"url\":\"https:\/\/www.cappellidesign.com\/wp-content\/uploads\/2022\/02\/CID_Shop_RitrattoRosso_SfondoCaldo.jpg\",\"contentUrl\":\"https:\/\/www.cappellidesign.com\/wp-content\/uploads\/2022\/02\/CID_Shop_RitrattoRosso_SfondoCaldo.jpg\",\"width\":1920,\"height\":1080,\"caption\":\"Ri-tratto Rosso, Exhibition Catalogue\"},{\"@type\":\"BreadcrumbList\",\"@id\":\"https:\/\/www.cappellidesign.com\/es\/shop\/ri-tratto-rosso-catalogo-mostra\/#breadcrumb\",\"itemListElement\":[{\"@type\":\"ListItem\",\"position\":1,\"name\":\"Home\",\"item\":\"https:\/\/www.cappellidesign.com\/es\/\"},{\"@type\":\"ListItem\",\"position\":2,\"name\":\"Shop\",\"item\":\"https:\/\/www.cappellidesign.com\/es\/shop\/\"},{\"@type\":\"ListItem\",\"position\":3,\"name\":\"Ri-tratto Rosso, Cat\u00e1logo de exposiciones\"}]},{\"@type\":\"WebSite\",\"@id\":\"https:\/\/www.cappellidesign.com\/es\/#website\",\"url\":\"https:\/\/www.cappellidesign.com\/es\/\",\"name\":\"Cappelli Identity Design\",\"description\":\"\",\"publisher\":{\"@id\":\"https:\/\/www.cappellidesign.com\/es\/#organization\"},\"potentialAction\":[{\"@type\":\"SearchAction\",\"target\":{\"@type\":\"EntryPoint\",\"urlTemplate\":\"https:\/\/www.cappellidesign.com\/es\/?s={search_term_string}\"},\"query-input\":{\"@type\":\"PropertyValueSpecification\",\"valueRequired\":true,\"valueName\":\"search_term_string\"}}],\"inLanguage\":\"es-ES\"},{\"@type\":\"Organization\",\"@id\":\"https:\/\/www.cappellidesign.com\/es\/#organization\",\"name\":\"Cappelli Identity Design\",\"url\":\"https:\/\/www.cappellidesign.com\/es\/\",\"logo\":{\"@type\":\"ImageObject\",\"inLanguage\":\"es-ES\",\"@id\":\"https:\/\/www.cappellidesign.com\/es\/#\/schema\/logo\/image\/\",\"url\":\"https:\/\/www.cappellidesign.com\/wp-content\/uploads\/2019\/12\/cappellidesign_logo.svg\",\"contentUrl\":\"https:\/\/www.cappellidesign.com\/wp-content\/uploads\/2019\/12\/cappellidesign_logo.svg\",\"width\":369,\"height\":17,\"caption\":\"Cappelli Identity Design\"},\"image\":{\"@id\":\"https:\/\/www.cappellidesign.com\/es\/#\/schema\/logo\/image\/\"},\"sameAs\":[\"https:\/\/www.facebook.com\/cappellidesign\/\",\"https:\/\/x.com\/cappellidesign\",\"https:\/\/www.instagram.com\/cappellidesign\",\"https:\/\/www.linkedin.com\/company\/cappelli-identity-design\/\"]}]}<\/script>\n<!-- \/ Yoast SEO plugin. -->","yoast_head_json":{"title":"Ri-tratto Rosso, Cat\u00e1logo de exposiciones","description":"Colecci\u00f3n de fotograf\u00edas de la fot\u00f3grafa Elisabetta Catalano, expuesta en el Teatro 1 de Cinecitt\u00e0, Roma.","robots":{"index":"index","follow":"follow","max-snippet":"max-snippet:-1","max-image-preview":"max-image-preview:large","max-video-preview":"max-video-preview:-1"},"canonical":"https:\/\/www.cappellidesign.com\/es\/shop\/ri-tratto-rosso-catalogo-mostra\/","og_locale":"es_ES","og_type":"article","og_title":"Ri-tratto Rosso, Cat\u00e1logo de exposiciones","og_description":"Colecci\u00f3n de fotograf\u00edas de la fot\u00f3grafa Elisabetta Catalano, expuesta en el Teatro 1 de Cinecitt\u00e0, Roma.","og_url":"https:\/\/www.cappellidesign.com\/es\/shop\/ri-tratto-rosso-catalogo-mostra\/","og_site_name":"Cappelli Identity Design","article_publisher":"https:\/\/www.facebook.com\/cappellidesign\/","article_modified_time":"2022-11-30T16:10:29+00:00","og_image":[{"width":1920,"height":1080,"url":"https:\/\/www.cappellidesign.com\/wp-content\/uploads\/2022\/02\/CID_Shop_RitrattoRosso.jpg","type":"image\/jpeg"}],"twitter_card":"summary_large_image","twitter_site":"@cappellidesign","twitter_misc":{"Est. reading time":"1 minute"},"schema":{"@context":"https:\/\/schema.org","@graph":[{"@type":"WebPage","@id":"https:\/\/www.cappellidesign.com\/es\/shop\/ri-tratto-rosso-catalogo-mostra\/","url":"https:\/\/www.cappellidesign.com\/es\/shop\/ri-tratto-rosso-catalogo-mostra\/","name":"Ri-tratto Rosso, Cat\u00e1logo de exposiciones","isPartOf":{"@id":"https:\/\/www.cappellidesign.com\/es\/#website"},"primaryImageOfPage":{"@id":"https:\/\/www.cappellidesign.com\/es\/shop\/ri-tratto-rosso-catalogo-mostra\/#primaryimage"},"image":{"@id":"https:\/\/www.cappellidesign.com\/es\/shop\/ri-tratto-rosso-catalogo-mostra\/#primaryimage"},"thumbnailUrl":"https:\/\/www.cappellidesign.com\/wp-content\/uploads\/2022\/02\/CID_Shop_RitrattoRosso_SfondoCaldo.jpg","datePublished":"2022-02-11T15:00:10+00:00","dateModified":"2022-11-30T16:10:29+00:00","description":"Colecci\u00f3n de fotograf\u00edas de la fot\u00f3grafa Elisabetta Catalano, expuesta en el Teatro 1 de Cinecitt\u00e0, Roma.","breadcrumb":{"@id":"https:\/\/www.cappellidesign.com\/es\/shop\/ri-tratto-rosso-catalogo-mostra\/#breadcrumb"},"inLanguage":"es-ES","potentialAction":[{"@type":"ReadAction","target":["https:\/\/www.cappellidesign.com\/es\/shop\/ri-tratto-rosso-catalogo-mostra\/"]}]},{"@type":"ImageObject","inLanguage":"es-ES","@id":"https:\/\/www.cappellidesign.com\/es\/shop\/ri-tratto-rosso-catalogo-mostra\/#primaryimage","url":"https:\/\/www.cappellidesign.com\/wp-content\/uploads\/2022\/02\/CID_Shop_RitrattoRosso_SfondoCaldo.jpg","contentUrl":"https:\/\/www.cappellidesign.com\/wp-content\/uploads\/2022\/02\/CID_Shop_RitrattoRosso_SfondoCaldo.jpg","width":1920,"height":1080,"caption":"Ri-tratto Rosso, Exhibition Catalogue"},{"@type":"BreadcrumbList","@id":"https:\/\/www.cappellidesign.com\/es\/shop\/ri-tratto-rosso-catalogo-mostra\/#breadcrumb","itemListElement":[{"@type":"ListItem","position":1,"name":"Home","item":"https:\/\/www.cappellidesign.com\/es\/"},{"@type":"ListItem","position":2,"name":"Shop","item":"https:\/\/www.cappellidesign.com\/es\/shop\/"},{"@type":"ListItem","position":3,"name":"Ri-tratto Rosso, Cat\u00e1logo de exposiciones"}]},{"@type":"WebSite","@id":"https:\/\/www.cappellidesign.com\/es\/#website","url":"https:\/\/www.cappellidesign.com\/es\/","name":"Cappelli Identity Design","description":"","publisher":{"@id":"https:\/\/www.cappellidesign.com\/es\/#organization"},"potentialAction":[{"@type":"SearchAction","target":{"@type":"EntryPoint","urlTemplate":"https:\/\/www.cappellidesign.com\/es\/?s={search_term_string}"},"query-input":{"@type":"PropertyValueSpecification","valueRequired":true,"valueName":"search_term_string"}}],"inLanguage":"es-ES"},{"@type":"Organization","@id":"https:\/\/www.cappellidesign.com\/es\/#organization","name":"Cappelli Identity Design","url":"https:\/\/www.cappellidesign.com\/es\/","logo":{"@type":"ImageObject","inLanguage":"es-ES","@id":"https:\/\/www.cappellidesign.com\/es\/#\/schema\/logo\/image\/","url":"https:\/\/www.cappellidesign.com\/wp-content\/uploads\/2019\/12\/cappellidesign_logo.svg","contentUrl":"https:\/\/www.cappellidesign.com\/wp-content\/uploads\/2019\/12\/cappellidesign_logo.svg","width":369,"height":17,"caption":"Cappelli Identity Design"},"image":{"@id":"https:\/\/www.cappellidesign.com\/es\/#\/schema\/logo\/image\/"},"sameAs":["https:\/\/www.facebook.com\/cappellidesign\/","https:\/\/x.com\/cappellidesign","https:\/\/www.instagram.com\/cappellidesign","https:\/\/www.linkedin.com\/company\/cappelli-identity-design\/"]}]}},"_links":{"self":[{"href":"https:\/\/www.cappellidesign.com\/es\/wp-json\/wp\/v2\/product\/21859"}],"collection":[{"href":"https:\/\/www.cappellidesign.com\/es\/wp-json\/wp\/v2\/product"}],"about":[{"href":"https:\/\/www.cappellidesign.com\/es\/wp-json\/wp\/v2\/types\/product"}],"replies":[{"embeddable":true,"href":"https:\/\/www.cappellidesign.com\/es\/wp-json\/wp\/v2\/comments?post=21859"}],"wp:featuredmedia":[{"embeddable":true,"href":"https:\/\/www.cappellidesign.com\/es\/wp-json\/wp\/v2\/media\/36860"}],"wp:attachment":[{"href":"https:\/\/www.cappellidesign.com\/es\/wp-json\/wp\/v2\/media?parent=21859"}],"wp:term":[{"taxonomy":"product_cat","embeddable":true,"href":"https:\/\/www.cappellidesign.com\/es\/wp-json\/wp\/v2\/product_cat?post=21859"},{"taxonomy":"product_tag","embeddable":true,"href":"https:\/\/www.cappellidesign.com\/es\/wp-json\/wp\/v2\/product_tag?post=21859"}],"curies":[{"name":"wp","href":"https:\/\/api.w.org\/{rel}","templated":true}]}}