{"id":22092,"date":"2022-02-11T14:25:39","date_gmt":"2022-02-11T14:25:39","guid":{"rendered":"https:\/\/www.cappellidesign.com\/shop\/olivetti-design-contest-2016-poster-emanuele-cappelli\/"},"modified":"2024-06-25T07:44:45","modified_gmt":"2024-06-25T07:44:45","slug":"olivetti-design-contest-2016-poster-emanuele-cappelli","status":"publish","type":"product","link":"https:\/\/www.cappellidesign.com\/es\/shop\/olivetti-design-contest-2016-poster-emanuele-cappelli\/","title":{"rendered":"Poster Olivetti Design Contest 2016, Emanuele Cappelli"},"content":{"rendered":"<p>Cartel dise\u00f1ado por <strong>Emanuele Cappelli<\/strong> para el Olivetti Design Contest en 2016, sum\u00e1ndose as\u00ed a la tradici\u00f3n de los Carteles de Autor en la historia de la publicidad de Olivetti.<br \/>\nEl Concurso internacional naci\u00f3 en 2015 de la idea de Emanuele Cappelli y del deseo de promover la herencia Olivetti, el car\u00e1cter experimental y la belleza que siempre han pertenecido a la marca. El Concurso involucra a estudiantes de las academias de arte y dise\u00f1o m\u00e1s importantes a nivel nacional e internacional en el dise\u00f1o de productos, inspirados partiendo de los grandes valores de Olivetti.<\/p>\n<p><strong>A\u00f1o<\/strong>: 2016<br \/>\n<strong>Ejemplares<\/strong>: 27<br \/>\n<strong>Tama\u00f1o<\/strong>: 61 x 91 cm<br \/>\n<strong>Papel<\/strong>: 250 g<br \/>\n<strong>Impresi\u00f3n<\/strong>: offset<\/p>\n<p>El cartel tambi\u00e9n forma parte de la exposici\u00f3n permanente del Poster Museum de Nueva York (EE.UU.), forma parte de la colecci\u00f3n privada de la Associazione Archivio Storico Olivetti, Ivrea (Italia) y ha sido expuesto en el E-Design Festival, Treviso (Italia), Palazzo delle Esposizioni, Roma (Italia) y Contemporary Cluster, Roma (Italia).<\/p>\n","protected":false},"excerpt":{"rendered":"<p><em>Ejemplares numerados y firmados por el artista.<\/em><br \/>\nPlazo medio de entrega: 5 d\u00edas para env\u00edos nacionales y 15 d\u00edas para todo el mundo.<\/p>\n","protected":false},"featured_media":37025,"comment_status":"closed","ping_status":"closed","template":"","meta":{"_acf_changed":false},"product_cat":[447],"product_tag":[448,449,450,451],"acf":[],"yoast_head":"<!-- This site is optimized with the Yoast SEO plugin v24.5 - https:\/\/yoast.com\/wordpress\/plugins\/seo\/ -->\n<title>Poster Olivetti Design Contest 2016, Emanuele Cappelli<\/title>\n<meta name=\"description\" content=\"Cartel dise\u00f1ado por Emanuele Cappelli para el Olivetti Design Contest en 2016, sum\u00e1ndose as\u00ed a la tradici\u00f3n de los Carteles de Autor en la historia de la publicidad de Olivetti.\" \/>\n<meta name=\"robots\" content=\"index, follow, max-snippet:-1, max-image-preview:large, max-video-preview:-1\" \/>\n<link rel=\"canonical\" href=\"https:\/\/www.cappellidesign.com\/es\/shop\/olivetti-design-contest-2016-poster-emanuele-cappelli\/\" \/>\n<meta property=\"og:locale\" content=\"es_ES\" \/>\n<meta property=\"og:type\" content=\"article\" \/>\n<meta property=\"og:title\" content=\"Poster Olivetti Design Contest 2016, Emanuele Cappelli\" \/>\n<meta property=\"og:description\" content=\"Cartel dise\u00f1ado por Emanuele Cappelli para el Olivetti Design Contest en 2016, sum\u00e1ndose as\u00ed a la tradici\u00f3n de los Carteles de Autor en la historia de la publicidad de Olivetti.\" \/>\n<meta property=\"og:url\" content=\"https:\/\/www.cappellidesign.com\/es\/shop\/olivetti-design-contest-2016-poster-emanuele-cappelli\/\" \/>\n<meta property=\"og:site_name\" content=\"Cappelli Identity Design\" \/>\n<meta property=\"article:publisher\" content=\"https:\/\/www.facebook.com\/cappellidesign\/\" \/>\n<meta property=\"article:modified_time\" content=\"2024-06-25T07:44:45+00:00\" \/>\n<meta property=\"og:image\" content=\"https:\/\/www.cappellidesign.com\/wp-content\/uploads\/2022\/02\/CID_Shop_Olivetti_Poster.jpg\" \/>\n\t<meta property=\"og:image:width\" content=\"1920\" \/>\n\t<meta property=\"og:image:height\" content=\"1920\" \/>\n\t<meta property=\"og:image:type\" content=\"image\/jpeg\" \/>\n<meta name=\"twitter:card\" content=\"summary_large_image\" \/>\n<meta name=\"twitter:site\" content=\"@cappellidesign\" \/>\n<meta name=\"twitter:label1\" content=\"Est. reading time\" \/>\n\t<meta name=\"twitter:data1\" content=\"1 minute\" \/>\n<script type=\"application\/ld+json\" class=\"yoast-schema-graph\">{\"@context\":\"https:\/\/schema.org\",\"@graph\":[{\"@type\":\"WebPage\",\"@id\":\"https:\/\/www.cappellidesign.com\/es\/shop\/olivetti-design-contest-2016-poster-emanuele-cappelli\/\",\"url\":\"https:\/\/www.cappellidesign.com\/es\/shop\/olivetti-design-contest-2016-poster-emanuele-cappelli\/\",\"name\":\"Poster Olivetti Design Contest 2016, Emanuele Cappelli\",\"isPartOf\":{\"@id\":\"https:\/\/www.cappellidesign.com\/es\/#website\"},\"primaryImageOfPage\":{\"@id\":\"https:\/\/www.cappellidesign.com\/es\/shop\/olivetti-design-contest-2016-poster-emanuele-cappelli\/#primaryimage\"},\"image\":{\"@id\":\"https:\/\/www.cappellidesign.com\/es\/shop\/olivetti-design-contest-2016-poster-emanuele-cappelli\/#primaryimage\"},\"thumbnailUrl\":\"https:\/\/www.cappellidesign.com\/wp-content\/uploads\/2022\/02\/CID_Shop_Format.jpg\",\"datePublished\":\"2022-02-11T14:25:39+00:00\",\"dateModified\":\"2024-06-25T07:44:45+00:00\",\"description\":\"Cartel dise\u00f1ado por Emanuele Cappelli para el Olivetti Design Contest en 2016, sum\u00e1ndose as\u00ed a la tradici\u00f3n de los Carteles de Autor en la historia de la publicidad de Olivetti.\",\"breadcrumb\":{\"@id\":\"https:\/\/www.cappellidesign.com\/es\/shop\/olivetti-design-contest-2016-poster-emanuele-cappelli\/#breadcrumb\"},\"inLanguage\":\"es-ES\",\"potentialAction\":[{\"@type\":\"ReadAction\",\"target\":[\"https:\/\/www.cappellidesign.com\/es\/shop\/olivetti-design-contest-2016-poster-emanuele-cappelli\/\"]}]},{\"@type\":\"ImageObject\",\"inLanguage\":\"es-ES\",\"@id\":\"https:\/\/www.cappellidesign.com\/es\/shop\/olivetti-design-contest-2016-poster-emanuele-cappelli\/#primaryimage\",\"url\":\"https:\/\/www.cappellidesign.com\/wp-content\/uploads\/2022\/02\/CID_Shop_Format.jpg\",\"contentUrl\":\"https:\/\/www.cappellidesign.com\/wp-content\/uploads\/2022\/02\/CID_Shop_Format.jpg\",\"width\":1920,\"height\":1920,\"caption\":\"Olivetti Design Contest 2016 Poster, Emanuele Cappelli\"},{\"@type\":\"BreadcrumbList\",\"@id\":\"https:\/\/www.cappellidesign.com\/es\/shop\/olivetti-design-contest-2016-poster-emanuele-cappelli\/#breadcrumb\",\"itemListElement\":[{\"@type\":\"ListItem\",\"position\":1,\"name\":\"Home\",\"item\":\"https:\/\/www.cappellidesign.com\/es\/\"},{\"@type\":\"ListItem\",\"position\":2,\"name\":\"Shop\",\"item\":\"https:\/\/www.cappellidesign.com\/es\/shop\/\"},{\"@type\":\"ListItem\",\"position\":3,\"name\":\"Poster Olivetti Design Contest 2016, Emanuele Cappelli\"}]},{\"@type\":\"WebSite\",\"@id\":\"https:\/\/www.cappellidesign.com\/es\/#website\",\"url\":\"https:\/\/www.cappellidesign.com\/es\/\",\"name\":\"Cappelli Identity Design\",\"description\":\"\",\"publisher\":{\"@id\":\"https:\/\/www.cappellidesign.com\/es\/#organization\"},\"potentialAction\":[{\"@type\":\"SearchAction\",\"target\":{\"@type\":\"EntryPoint\",\"urlTemplate\":\"https:\/\/www.cappellidesign.com\/es\/?s={search_term_string}\"},\"query-input\":{\"@type\":\"PropertyValueSpecification\",\"valueRequired\":true,\"valueName\":\"search_term_string\"}}],\"inLanguage\":\"es-ES\"},{\"@type\":\"Organization\",\"@id\":\"https:\/\/www.cappellidesign.com\/es\/#organization\",\"name\":\"Cappelli Identity Design\",\"url\":\"https:\/\/www.cappellidesign.com\/es\/\",\"logo\":{\"@type\":\"ImageObject\",\"inLanguage\":\"es-ES\",\"@id\":\"https:\/\/www.cappellidesign.com\/es\/#\/schema\/logo\/image\/\",\"url\":\"https:\/\/www.cappellidesign.com\/wp-content\/uploads\/2019\/12\/cappellidesign_logo.svg\",\"contentUrl\":\"https:\/\/www.cappellidesign.com\/wp-content\/uploads\/2019\/12\/cappellidesign_logo.svg\",\"width\":369,\"height\":17,\"caption\":\"Cappelli Identity Design\"},\"image\":{\"@id\":\"https:\/\/www.cappellidesign.com\/es\/#\/schema\/logo\/image\/\"},\"sameAs\":[\"https:\/\/www.facebook.com\/cappellidesign\/\",\"https:\/\/x.com\/cappellidesign\",\"https:\/\/www.instagram.com\/cappellidesign\",\"https:\/\/www.linkedin.com\/company\/cappelli-identity-design\/\"]}]}<\/script>\n<!-- \/ Yoast SEO plugin. -->","yoast_head_json":{"title":"Poster Olivetti Design Contest 2016, Emanuele Cappelli","description":"Cartel dise\u00f1ado por Emanuele Cappelli para el Olivetti Design Contest en 2016, sum\u00e1ndose as\u00ed a la tradici\u00f3n de los Carteles de Autor en la historia de la publicidad de Olivetti.","robots":{"index":"index","follow":"follow","max-snippet":"max-snippet:-1","max-image-preview":"max-image-preview:large","max-video-preview":"max-video-preview:-1"},"canonical":"https:\/\/www.cappellidesign.com\/es\/shop\/olivetti-design-contest-2016-poster-emanuele-cappelli\/","og_locale":"es_ES","og_type":"article","og_title":"Poster Olivetti Design Contest 2016, Emanuele Cappelli","og_description":"Cartel dise\u00f1ado por Emanuele Cappelli para el Olivetti Design Contest en 2016, sum\u00e1ndose as\u00ed a la tradici\u00f3n de los Carteles de Autor en la historia de la publicidad de Olivetti.","og_url":"https:\/\/www.cappellidesign.com\/es\/shop\/olivetti-design-contest-2016-poster-emanuele-cappelli\/","og_site_name":"Cappelli Identity Design","article_publisher":"https:\/\/www.facebook.com\/cappellidesign\/","article_modified_time":"2024-06-25T07:44:45+00:00","og_image":[{"width":1920,"height":1920,"url":"https:\/\/www.cappellidesign.com\/wp-content\/uploads\/2022\/02\/CID_Shop_Olivetti_Poster.jpg","type":"image\/jpeg"}],"twitter_card":"summary_large_image","twitter_site":"@cappellidesign","twitter_misc":{"Est. reading time":"1 minute"},"schema":{"@context":"https:\/\/schema.org","@graph":[{"@type":"WebPage","@id":"https:\/\/www.cappellidesign.com\/es\/shop\/olivetti-design-contest-2016-poster-emanuele-cappelli\/","url":"https:\/\/www.cappellidesign.com\/es\/shop\/olivetti-design-contest-2016-poster-emanuele-cappelli\/","name":"Poster Olivetti Design Contest 2016, Emanuele Cappelli","isPartOf":{"@id":"https:\/\/www.cappellidesign.com\/es\/#website"},"primaryImageOfPage":{"@id":"https:\/\/www.cappellidesign.com\/es\/shop\/olivetti-design-contest-2016-poster-emanuele-cappelli\/#primaryimage"},"image":{"@id":"https:\/\/www.cappellidesign.com\/es\/shop\/olivetti-design-contest-2016-poster-emanuele-cappelli\/#primaryimage"},"thumbnailUrl":"https:\/\/www.cappellidesign.com\/wp-content\/uploads\/2022\/02\/CID_Shop_Format.jpg","datePublished":"2022-02-11T14:25:39+00:00","dateModified":"2024-06-25T07:44:45+00:00","description":"Cartel dise\u00f1ado por Emanuele Cappelli para el Olivetti Design Contest en 2016, sum\u00e1ndose as\u00ed a la tradici\u00f3n de los Carteles de Autor en la historia de la publicidad de Olivetti.","breadcrumb":{"@id":"https:\/\/www.cappellidesign.com\/es\/shop\/olivetti-design-contest-2016-poster-emanuele-cappelli\/#breadcrumb"},"inLanguage":"es-ES","potentialAction":[{"@type":"ReadAction","target":["https:\/\/www.cappellidesign.com\/es\/shop\/olivetti-design-contest-2016-poster-emanuele-cappelli\/"]}]},{"@type":"ImageObject","inLanguage":"es-ES","@id":"https:\/\/www.cappellidesign.com\/es\/shop\/olivetti-design-contest-2016-poster-emanuele-cappelli\/#primaryimage","url":"https:\/\/www.cappellidesign.com\/wp-content\/uploads\/2022\/02\/CID_Shop_Format.jpg","contentUrl":"https:\/\/www.cappellidesign.com\/wp-content\/uploads\/2022\/02\/CID_Shop_Format.jpg","width":1920,"height":1920,"caption":"Olivetti Design Contest 2016 Poster, Emanuele Cappelli"},{"@type":"BreadcrumbList","@id":"https:\/\/www.cappellidesign.com\/es\/shop\/olivetti-design-contest-2016-poster-emanuele-cappelli\/#breadcrumb","itemListElement":[{"@type":"ListItem","position":1,"name":"Home","item":"https:\/\/www.cappellidesign.com\/es\/"},{"@type":"ListItem","position":2,"name":"Shop","item":"https:\/\/www.cappellidesign.com\/es\/shop\/"},{"@type":"ListItem","position":3,"name":"Poster Olivetti Design Contest 2016, Emanuele Cappelli"}]},{"@type":"WebSite","@id":"https:\/\/www.cappellidesign.com\/es\/#website","url":"https:\/\/www.cappellidesign.com\/es\/","name":"Cappelli Identity Design","description":"","publisher":{"@id":"https:\/\/www.cappellidesign.com\/es\/#organization"},"potentialAction":[{"@type":"SearchAction","target":{"@type":"EntryPoint","urlTemplate":"https:\/\/www.cappellidesign.com\/es\/?s={search_term_string}"},"query-input":{"@type":"PropertyValueSpecification","valueRequired":true,"valueName":"search_term_string"}}],"inLanguage":"es-ES"},{"@type":"Organization","@id":"https:\/\/www.cappellidesign.com\/es\/#organization","name":"Cappelli Identity Design","url":"https:\/\/www.cappellidesign.com\/es\/","logo":{"@type":"ImageObject","inLanguage":"es-ES","@id":"https:\/\/www.cappellidesign.com\/es\/#\/schema\/logo\/image\/","url":"https:\/\/www.cappellidesign.com\/wp-content\/uploads\/2019\/12\/cappellidesign_logo.svg","contentUrl":"https:\/\/www.cappellidesign.com\/wp-content\/uploads\/2019\/12\/cappellidesign_logo.svg","width":369,"height":17,"caption":"Cappelli Identity Design"},"image":{"@id":"https:\/\/www.cappellidesign.com\/es\/#\/schema\/logo\/image\/"},"sameAs":["https:\/\/www.facebook.com\/cappellidesign\/","https:\/\/x.com\/cappellidesign","https:\/\/www.instagram.com\/cappellidesign","https:\/\/www.linkedin.com\/company\/cappelli-identity-design\/"]}]}},"_links":{"self":[{"href":"https:\/\/www.cappellidesign.com\/es\/wp-json\/wp\/v2\/product\/22092"}],"collection":[{"href":"https:\/\/www.cappellidesign.com\/es\/wp-json\/wp\/v2\/product"}],"about":[{"href":"https:\/\/www.cappellidesign.com\/es\/wp-json\/wp\/v2\/types\/product"}],"replies":[{"embeddable":true,"href":"https:\/\/www.cappellidesign.com\/es\/wp-json\/wp\/v2\/comments?post=22092"}],"wp:featuredmedia":[{"embeddable":true,"href":"https:\/\/www.cappellidesign.com\/es\/wp-json\/wp\/v2\/media\/37025"}],"wp:attachment":[{"href":"https:\/\/www.cappellidesign.com\/es\/wp-json\/wp\/v2\/media?parent=22092"}],"wp:term":[{"taxonomy":"product_cat","embeddable":true,"href":"https:\/\/www.cappellidesign.com\/es\/wp-json\/wp\/v2\/product_cat?post=22092"},{"taxonomy":"product_tag","embeddable":true,"href":"https:\/\/www.cappellidesign.com\/es\/wp-json\/wp\/v2\/product_tag?post=22092"}],"curies":[{"name":"wp","href":"https:\/\/api.w.org\/{rel}","templated":true}]}}