{"id":12416,"date":"2021-10-27T15:00:49","date_gmt":"2022-01-21T11:10:49","guid":{"rendered":"https:\/\/www.cappellidesign.com\/?post_type=product&#038;p=12416"},"modified":"2022-11-30T15:42:59","modified_gmt":"2022-11-30T15:42:59","slug":"sketchbook-cappelli-identity-design","status":"publish","type":"product","link":"https:\/\/www.cappellidesign.com\/it\/shop\/sketchbook-cappelli-identity-design\/","title":{"rendered":"Sketchbook Cappelli Identity Design"},"content":{"rendered":"<p>Sketchbook con pagine bianche<\/p>\n<p><strong>Design<\/strong>: Cappelli Identity Design<br \/>\n<strong>Dimensioni<\/strong>: 18&#215;25 cm<br \/>\n<strong>Pagine<\/strong>: 50<br \/>\n<strong>Colore copertina<\/strong>: nero<\/p>\n<p>150 copie disponibili<\/p>\n","protected":false},"excerpt":{"rendered":"<p>Tiempo medio de env\u00edo: 5 d\u00edas para env\u00edos nacionales y 15 d\u00edas en todo el mundo.<\/p>\n","protected":false},"featured_media":36877,"comment_status":"closed","ping_status":"closed","template":"","meta":{"_acf_changed":false},"product_cat":[278],"product_tag":[],"acf":[],"yoast_head":"<!-- This site is optimized with the Yoast SEO plugin v24.5 - https:\/\/yoast.com\/wordpress\/plugins\/seo\/ -->\n<title>Sketchbook Cappelli Identity Design - Cappelli Identity Design<\/title>\n<meta name=\"description\" content=\"Sketchbook con pagine bianche. Design: Cappelli Identity Design\" \/>\n<meta name=\"robots\" content=\"index, follow, max-snippet:-1, max-image-preview:large, max-video-preview:-1\" \/>\n<link rel=\"canonical\" href=\"https:\/\/www.cappellidesign.com\/it\/shop\/sketchbook-cappelli-identity-design\/\" \/>\n<meta property=\"og:locale\" content=\"it_IT\" \/>\n<meta property=\"og:type\" content=\"article\" \/>\n<meta property=\"og:title\" content=\"Sketchbook Cappelli Identity Design - Cappelli Identity Design\" \/>\n<meta property=\"og:description\" content=\"Sketchbook con pagine bianche. Design: Cappelli Identity Design\" \/>\n<meta property=\"og:url\" content=\"https:\/\/www.cappellidesign.com\/it\/shop\/sketchbook-cappelli-identity-design\/\" \/>\n<meta property=\"og:site_name\" content=\"Cappelli Identity Design\" \/>\n<meta property=\"article:publisher\" content=\"https:\/\/www.facebook.com\/cappellidesign\/\" \/>\n<meta property=\"article:modified_time\" content=\"2022-11-30T15:42:59+00:00\" \/>\n<meta property=\"og:image\" content=\"https:\/\/www.cappellidesign.com\/wp-content\/uploads\/2021\/10\/CID_Shop_Olivetti_Sketchbook_02.jpg\" \/>\n\t<meta property=\"og:image:width\" content=\"1920\" \/>\n\t<meta property=\"og:image:height\" content=\"1920\" \/>\n\t<meta property=\"og:image:type\" content=\"image\/jpeg\" \/>\n<meta name=\"twitter:card\" content=\"summary_large_image\" \/>\n<meta name=\"twitter:site\" content=\"@cappellidesign\" \/>\n<meta name=\"twitter:label1\" content=\"Tempo di lettura stimato\" \/>\n\t<meta name=\"twitter:data1\" content=\"1 minuto\" \/>\n<script type=\"application\/ld+json\" class=\"yoast-schema-graph\">{\"@context\":\"https:\/\/schema.org\",\"@graph\":[{\"@type\":\"WebPage\",\"@id\":\"https:\/\/www.cappellidesign.com\/it\/shop\/sketchbook-cappelli-identity-design\/\",\"url\":\"https:\/\/www.cappellidesign.com\/it\/shop\/sketchbook-cappelli-identity-design\/\",\"name\":\"Sketchbook Cappelli Identity Design - Cappelli Identity Design\",\"isPartOf\":{\"@id\":\"https:\/\/www.cappellidesign.com\/it\/#website\"},\"primaryImageOfPage\":{\"@id\":\"https:\/\/www.cappellidesign.com\/it\/shop\/sketchbook-cappelli-identity-design\/#primaryimage\"},\"image\":{\"@id\":\"https:\/\/www.cappellidesign.com\/it\/shop\/sketchbook-cappelli-identity-design\/#primaryimage\"},\"thumbnailUrl\":\"https:\/\/www.cappellidesign.com\/wp-content\/uploads\/2021\/10\/CID_Shop_Olivetti_Sketchbook_02.jpg\",\"datePublished\":\"2022-01-21T11:10:49+00:00\",\"dateModified\":\"2022-11-30T15:42:59+00:00\",\"description\":\"Sketchbook con pagine bianche. Design: Cappelli Identity Design\",\"breadcrumb\":{\"@id\":\"https:\/\/www.cappellidesign.com\/it\/shop\/sketchbook-cappelli-identity-design\/#breadcrumb\"},\"inLanguage\":\"it-IT\",\"potentialAction\":[{\"@type\":\"ReadAction\",\"target\":[\"https:\/\/www.cappellidesign.com\/it\/shop\/sketchbook-cappelli-identity-design\/\"]}]},{\"@type\":\"ImageObject\",\"inLanguage\":\"it-IT\",\"@id\":\"https:\/\/www.cappellidesign.com\/it\/shop\/sketchbook-cappelli-identity-design\/#primaryimage\",\"url\":\"https:\/\/www.cappellidesign.com\/wp-content\/uploads\/2021\/10\/CID_Shop_Olivetti_Sketchbook_02.jpg\",\"contentUrl\":\"https:\/\/www.cappellidesign.com\/wp-content\/uploads\/2021\/10\/CID_Shop_Olivetti_Sketchbook_02.jpg\",\"width\":1920,\"height\":1920,\"caption\":\"Sketchbook Cappelli Identity Design\"},{\"@type\":\"BreadcrumbList\",\"@id\":\"https:\/\/www.cappellidesign.com\/it\/shop\/sketchbook-cappelli-identity-design\/#breadcrumb\",\"itemListElement\":[{\"@type\":\"ListItem\",\"position\":1,\"name\":\"Home\",\"item\":\"https:\/\/www.cappellidesign.com\/it\/\"},{\"@type\":\"ListItem\",\"position\":2,\"name\":\"Shop\",\"item\":\"https:\/\/www.cappellidesign.com\/it\/shop\/\"},{\"@type\":\"ListItem\",\"position\":3,\"name\":\"Sketchbook Cappelli Identity Design\"}]},{\"@type\":\"WebSite\",\"@id\":\"https:\/\/www.cappellidesign.com\/it\/#website\",\"url\":\"https:\/\/www.cappellidesign.com\/it\/\",\"name\":\"Cappelli Identity Design\",\"description\":\"\",\"publisher\":{\"@id\":\"https:\/\/www.cappellidesign.com\/it\/#organization\"},\"potentialAction\":[{\"@type\":\"SearchAction\",\"target\":{\"@type\":\"EntryPoint\",\"urlTemplate\":\"https:\/\/www.cappellidesign.com\/it\/?s={search_term_string}\"},\"query-input\":{\"@type\":\"PropertyValueSpecification\",\"valueRequired\":true,\"valueName\":\"search_term_string\"}}],\"inLanguage\":\"it-IT\"},{\"@type\":\"Organization\",\"@id\":\"https:\/\/www.cappellidesign.com\/it\/#organization\",\"name\":\"Cappelli Identity Design\",\"url\":\"https:\/\/www.cappellidesign.com\/it\/\",\"logo\":{\"@type\":\"ImageObject\",\"inLanguage\":\"it-IT\",\"@id\":\"https:\/\/www.cappellidesign.com\/it\/#\/schema\/logo\/image\/\",\"url\":\"https:\/\/www.cappellidesign.com\/wp-content\/uploads\/2019\/12\/cappellidesign_logo.svg\",\"contentUrl\":\"https:\/\/www.cappellidesign.com\/wp-content\/uploads\/2019\/12\/cappellidesign_logo.svg\",\"width\":369,\"height\":17,\"caption\":\"Cappelli Identity Design\"},\"image\":{\"@id\":\"https:\/\/www.cappellidesign.com\/it\/#\/schema\/logo\/image\/\"},\"sameAs\":[\"https:\/\/www.facebook.com\/cappellidesign\/\",\"https:\/\/x.com\/cappellidesign\",\"https:\/\/www.instagram.com\/cappellidesign\",\"https:\/\/www.linkedin.com\/company\/cappelli-identity-design\/\"]}]}<\/script>\n<!-- \/ Yoast SEO plugin. -->","yoast_head_json":{"title":"Sketchbook Cappelli Identity Design - Cappelli Identity Design","description":"Sketchbook con pagine bianche. Design: Cappelli Identity Design","robots":{"index":"index","follow":"follow","max-snippet":"max-snippet:-1","max-image-preview":"max-image-preview:large","max-video-preview":"max-video-preview:-1"},"canonical":"https:\/\/www.cappellidesign.com\/it\/shop\/sketchbook-cappelli-identity-design\/","og_locale":"it_IT","og_type":"article","og_title":"Sketchbook Cappelli Identity Design - Cappelli Identity Design","og_description":"Sketchbook con pagine bianche. Design: Cappelli Identity Design","og_url":"https:\/\/www.cappellidesign.com\/it\/shop\/sketchbook-cappelli-identity-design\/","og_site_name":"Cappelli Identity Design","article_publisher":"https:\/\/www.facebook.com\/cappellidesign\/","article_modified_time":"2022-11-30T15:42:59+00:00","og_image":[{"width":1920,"height":1920,"url":"https:\/\/www.cappellidesign.com\/wp-content\/uploads\/2021\/10\/CID_Shop_Olivetti_Sketchbook_02.jpg","type":"image\/jpeg"}],"twitter_card":"summary_large_image","twitter_site":"@cappellidesign","twitter_misc":{"Tempo di lettura stimato":"1 minuto"},"schema":{"@context":"https:\/\/schema.org","@graph":[{"@type":"WebPage","@id":"https:\/\/www.cappellidesign.com\/it\/shop\/sketchbook-cappelli-identity-design\/","url":"https:\/\/www.cappellidesign.com\/it\/shop\/sketchbook-cappelli-identity-design\/","name":"Sketchbook Cappelli Identity Design - Cappelli Identity Design","isPartOf":{"@id":"https:\/\/www.cappellidesign.com\/it\/#website"},"primaryImageOfPage":{"@id":"https:\/\/www.cappellidesign.com\/it\/shop\/sketchbook-cappelli-identity-design\/#primaryimage"},"image":{"@id":"https:\/\/www.cappellidesign.com\/it\/shop\/sketchbook-cappelli-identity-design\/#primaryimage"},"thumbnailUrl":"https:\/\/www.cappellidesign.com\/wp-content\/uploads\/2021\/10\/CID_Shop_Olivetti_Sketchbook_02.jpg","datePublished":"2022-01-21T11:10:49+00:00","dateModified":"2022-11-30T15:42:59+00:00","description":"Sketchbook con pagine bianche. Design: Cappelli Identity Design","breadcrumb":{"@id":"https:\/\/www.cappellidesign.com\/it\/shop\/sketchbook-cappelli-identity-design\/#breadcrumb"},"inLanguage":"it-IT","potentialAction":[{"@type":"ReadAction","target":["https:\/\/www.cappellidesign.com\/it\/shop\/sketchbook-cappelli-identity-design\/"]}]},{"@type":"ImageObject","inLanguage":"it-IT","@id":"https:\/\/www.cappellidesign.com\/it\/shop\/sketchbook-cappelli-identity-design\/#primaryimage","url":"https:\/\/www.cappellidesign.com\/wp-content\/uploads\/2021\/10\/CID_Shop_Olivetti_Sketchbook_02.jpg","contentUrl":"https:\/\/www.cappellidesign.com\/wp-content\/uploads\/2021\/10\/CID_Shop_Olivetti_Sketchbook_02.jpg","width":1920,"height":1920,"caption":"Sketchbook Cappelli Identity Design"},{"@type":"BreadcrumbList","@id":"https:\/\/www.cappellidesign.com\/it\/shop\/sketchbook-cappelli-identity-design\/#breadcrumb","itemListElement":[{"@type":"ListItem","position":1,"name":"Home","item":"https:\/\/www.cappellidesign.com\/it\/"},{"@type":"ListItem","position":2,"name":"Shop","item":"https:\/\/www.cappellidesign.com\/it\/shop\/"},{"@type":"ListItem","position":3,"name":"Sketchbook Cappelli Identity Design"}]},{"@type":"WebSite","@id":"https:\/\/www.cappellidesign.com\/it\/#website","url":"https:\/\/www.cappellidesign.com\/it\/","name":"Cappelli Identity Design","description":"","publisher":{"@id":"https:\/\/www.cappellidesign.com\/it\/#organization"},"potentialAction":[{"@type":"SearchAction","target":{"@type":"EntryPoint","urlTemplate":"https:\/\/www.cappellidesign.com\/it\/?s={search_term_string}"},"query-input":{"@type":"PropertyValueSpecification","valueRequired":true,"valueName":"search_term_string"}}],"inLanguage":"it-IT"},{"@type":"Organization","@id":"https:\/\/www.cappellidesign.com\/it\/#organization","name":"Cappelli Identity Design","url":"https:\/\/www.cappellidesign.com\/it\/","logo":{"@type":"ImageObject","inLanguage":"it-IT","@id":"https:\/\/www.cappellidesign.com\/it\/#\/schema\/logo\/image\/","url":"https:\/\/www.cappellidesign.com\/wp-content\/uploads\/2019\/12\/cappellidesign_logo.svg","contentUrl":"https:\/\/www.cappellidesign.com\/wp-content\/uploads\/2019\/12\/cappellidesign_logo.svg","width":369,"height":17,"caption":"Cappelli Identity Design"},"image":{"@id":"https:\/\/www.cappellidesign.com\/it\/#\/schema\/logo\/image\/"},"sameAs":["https:\/\/www.facebook.com\/cappellidesign\/","https:\/\/x.com\/cappellidesign","https:\/\/www.instagram.com\/cappellidesign","https:\/\/www.linkedin.com\/company\/cappelli-identity-design\/"]}]}},"_links":{"self":[{"href":"https:\/\/www.cappellidesign.com\/it\/wp-json\/wp\/v2\/product\/12416"}],"collection":[{"href":"https:\/\/www.cappellidesign.com\/it\/wp-json\/wp\/v2\/product"}],"about":[{"href":"https:\/\/www.cappellidesign.com\/it\/wp-json\/wp\/v2\/types\/product"}],"replies":[{"embeddable":true,"href":"https:\/\/www.cappellidesign.com\/it\/wp-json\/wp\/v2\/comments?post=12416"}],"wp:featuredmedia":[{"embeddable":true,"href":"https:\/\/www.cappellidesign.com\/it\/wp-json\/wp\/v2\/media\/36877"}],"wp:attachment":[{"href":"https:\/\/www.cappellidesign.com\/it\/wp-json\/wp\/v2\/media?parent=12416"}],"wp:term":[{"taxonomy":"product_cat","embeddable":true,"href":"https:\/\/www.cappellidesign.com\/it\/wp-json\/wp\/v2\/product_cat?post=12416"},{"taxonomy":"product_tag","embeddable":true,"href":"https:\/\/www.cappellidesign.com\/it\/wp-json\/wp\/v2\/product_tag?post=12416"}],"curies":[{"name":"wp","href":"https:\/\/api.w.org\/{rel}","templated":true}]}}