{"id":12751,"date":"2022-03-23T15:19:06","date_gmt":"2022-03-23T15:05:30","guid":{"rendered":"https:\/\/www.cappellidesign.com\/?post_type=product&#038;p=12751"},"modified":"2025-04-08T10:12:03","modified_gmt":"2025-04-08T10:12:03","slug":"dynamic-brand-book-serigrafia-e-spilla","status":"publish","type":"product","link":"https:\/\/www.cappellidesign.com\/it\/shop\/dynamic-brand-book-serigrafia-e-spilla\/","title":{"rendered":"Dynamic brand book, serigrafia e spilla"},"content":{"rendered":"<p><em><span style=\"font-weight: 400;\">The new methodology of brand communication.<\/span><span style=\"font-weight: 400;\"><br \/>\n<\/span><span style=\"font-weight: 400;\">A journey through stories of life, design, space and time.<\/span><\/em><\/p>\n<p>(Copia autografata da Emanuele Cappelli con serigrafia e spilla)<\/p>\n<p><span style=\"font-weight: 400;\">Perch\u00e9 un libro che presenta una metodologia di lavoro ha al suo interno la storia di un designer, la filosofia di uno studio e le testimonianze e i racconti del suo team?<\/span><\/p>\n<p><span style=\"font-weight: 400;\">Le risposte sono pi\u00f9 d\u2019una.\u00a0<\/span><\/p>\n<p><span style=\"font-weight: 400;\">Perch\u00e9 parliamo di identit\u00e0, parliamo di vita, parliamo di evoluzione e di persone. E perch\u00e9 il metodo del Dynamic brand nasce non solo dalle analisi del mercato odierno e dalla ricerca di un metodo che possa restituire il valore della contemporaneit\u00e0, ma anche dal vissuto, da un punto di vista che vede nei valori un aspetto che incide sul design strategico come sulla vita. \u00c8 per questo che Dynamic brand e Cappelli Identity Design sono due storie che si intrecciano, che si alimentano a vicenda. Ed \u00e8 per questo che vogliamo condividere il viaggio che stiamo facendo, costellato di tappe entusiasmanti, di incontri folgoranti con persone e professionisti che sono diventati fonte di ispirazione.<\/span><\/p>\n<p><span style=\"font-weight: 400;\">Prefazione di <\/span><a href=\"http:\/\/www.hellerbooks.com\/docs\/about.html\"><span style=\"font-weight: 400;\">Steven Heller<\/span><\/a><span style=\"font-weight: 400;\"> e introduzione di <\/span><a href=\"http:\/\/bettimarenko.org\/about\/\"><span style=\"font-weight: 400;\">Betti Marenko<\/span><\/a><span style=\"font-weight: 400;\">.<\/span><\/p>\n<p><span style=\"font-weight: 400;\"><strong>Pagine<\/strong>: 256<\/span><span style=\"font-weight: 400;\"><br \/>\n<\/span><span style=\"font-weight: 400;\"><strong>Dimensioni<\/strong>: 16,5 x 24 cm<\/span><span style=\"font-weight: 400;\"><br \/>\n<\/span><span style=\"font-weight: 400;\"><strong>Carta<\/strong>: stampato a colori e plastificato Magno Volume 150 g\/m2<\/span><span style=\"font-weight: 400;\"><br \/>\n<\/span><span style=\"font-weight: 400;\"><strong>Edizione<\/strong>: 2022, italiano \/ inglese<\/span><\/p>\n<p><b>Serigrafia<\/b><b> You\u2019ll live forever<br \/>\n<\/b>Serigrafia artistica a 1 colore pantone, realizzata da Emanuele Cappelli.<br \/>\nEdizione limitata.<br \/>\n<strong>Anno:<\/strong> 2022<br \/>\n<span style=\"font-weight: 400;\"><strong>Copie<\/strong>: 250<\/span><span style=\"font-weight: 400;\"><br \/>\n<\/span><span style=\"font-weight: 400;\"><strong>Dimensioni<\/strong>: 14,8 x 21 cm<\/span><span style=\"font-weight: 400;\"><br \/>\n<\/span><span style=\"font-weight: 400;\"><strong>Colori<\/strong>: 1 colore Pantone<\/span><\/p>\n<p><b>Spilla\u00a0<\/b><b><br \/>\n<\/b><span style=\"font-weight: 400;\"><strong>Dimensioni<\/strong>: \u00d8 5 cm<\/span><span style=\"font-weight: 400;\"><br \/>\n<\/span><span style=\"font-weight: 400;\"><strong>Colore<\/strong>: nero<\/span><b><\/b><\/p>\n","protected":false},"excerpt":{"rendered":"<p><em>Stampato e rilegato in Italia da Skira Editore, Milano. Prima edizione, gennaio 2022.<\/em><\/p>\n<p><strong>Cover Photo<\/strong>\u00a0\u2013 Cinzia Capparelli<br \/>\n<strong>Editorial Design<\/strong>\u00a0\u2013 Cappelli Identity Design<br \/>\n<strong>Editorial Collaboration\u00a0<\/strong>\u2013 Lorenzo Iervolino, Maria R. Tedesco, Giulia Vallone<br \/>\n<strong>Editorial Coordination<\/strong>\u00a0\u2013 Vincenza Russo<br \/>\n<strong>Editing<\/strong>\u00a0\u2013 Domenico Pertocoli, Francesca Pagliano<br \/>\n<strong>Traduzioni<\/strong>\u00a0\u2013 Giulia Incelli, Shannon Marie Clay<br \/>\n<strong>Ricerca Iconografica<\/strong>\u00a0\u2013 Cappelli Identity Design<br \/>\n<strong>Typeface<\/strong>\u00a0\u2013 Akkurat Pro by Lineto, Libertinus Serif by Libertinus Fonts, OT L22 Bold by Cappelli Identity Design (E. Cappelli, A. Pace, L. Properzi, F. Zanino)<\/p>\n","protected":false},"featured_media":36849,"comment_status":"closed","ping_status":"closed","template":"","meta":{"_acf_changed":false},"product_cat":[278],"product_tag":[],"acf":[],"yoast_head":"<!-- This site is optimized with the Yoast SEO plugin v24.5 - https:\/\/yoast.com\/wordpress\/plugins\/seo\/ -->\n<title>Dynamic brand book, serigrafia e spilla<\/title>\n<meta name=\"description\" content=\"Il metodo del Dynamic brand nasce dalle analisi del mercato odierno e dalla ricerca di un metodo che possa restituire valore.\" \/>\n<meta name=\"robots\" content=\"index, follow, max-snippet:-1, max-image-preview:large, max-video-preview:-1\" \/>\n<link rel=\"canonical\" href=\"https:\/\/www.cappellidesign.com\/it\/shop\/dynamic-brand-book-serigrafia-e-spilla\/\" \/>\n<meta property=\"og:locale\" content=\"it_IT\" \/>\n<meta property=\"og:type\" content=\"article\" \/>\n<meta property=\"og:title\" content=\"Dynamic brand book, serigrafia e spilla\" \/>\n<meta property=\"og:description\" content=\"Il metodo del Dynamic brand nasce dalle analisi del mercato odierno e dalla ricerca di un metodo che possa restituire valore.\" \/>\n<meta property=\"og:url\" content=\"https:\/\/www.cappellidesign.com\/it\/shop\/dynamic-brand-book-serigrafia-e-spilla\/\" \/>\n<meta property=\"og:site_name\" content=\"Cappelli Identity Design\" \/>\n<meta property=\"article:publisher\" content=\"https:\/\/www.facebook.com\/cappellidesign\/\" \/>\n<meta property=\"article:modified_time\" content=\"2025-04-08T10:12:03+00:00\" \/>\n<meta property=\"og:image\" content=\"https:\/\/www.cappellidesign.com\/wp-content\/uploads\/2022\/03\/CID_Shop_Kit_BookPinSerigrafia.jpg\" \/>\n\t<meta property=\"og:image:width\" content=\"1920\" \/>\n\t<meta property=\"og:image:height\" content=\"1920\" \/>\n\t<meta property=\"og:image:type\" content=\"image\/jpeg\" \/>\n<meta name=\"twitter:card\" content=\"summary_large_image\" \/>\n<meta name=\"twitter:site\" content=\"@cappellidesign\" \/>\n<meta name=\"twitter:label1\" content=\"Tempo di lettura stimato\" \/>\n\t<meta name=\"twitter:data1\" content=\"2 minuti\" \/>\n<script type=\"application\/ld+json\" class=\"yoast-schema-graph\">{\"@context\":\"https:\/\/schema.org\",\"@graph\":[{\"@type\":\"WebPage\",\"@id\":\"https:\/\/www.cappellidesign.com\/it\/shop\/dynamic-brand-book-serigrafia-e-spilla\/\",\"url\":\"https:\/\/www.cappellidesign.com\/it\/shop\/dynamic-brand-book-serigrafia-e-spilla\/\",\"name\":\"Dynamic brand book, serigrafia e spilla\",\"isPartOf\":{\"@id\":\"https:\/\/www.cappellidesign.com\/it\/#website\"},\"primaryImageOfPage\":{\"@id\":\"https:\/\/www.cappellidesign.com\/it\/shop\/dynamic-brand-book-serigrafia-e-spilla\/#primaryimage\"},\"image\":{\"@id\":\"https:\/\/www.cappellidesign.com\/it\/shop\/dynamic-brand-book-serigrafia-e-spilla\/#primaryimage\"},\"thumbnailUrl\":\"https:\/\/www.cappellidesign.com\/wp-content\/uploads\/2022\/03\/CID_Shop_Kit_BookPinSerigrafia.jpg\",\"datePublished\":\"2022-03-23T15:05:30+00:00\",\"dateModified\":\"2025-04-08T10:12:03+00:00\",\"description\":\"Il metodo del Dynamic brand nasce dalle analisi del mercato odierno e dalla ricerca di un metodo che possa restituire valore.\",\"breadcrumb\":{\"@id\":\"https:\/\/www.cappellidesign.com\/it\/shop\/dynamic-brand-book-serigrafia-e-spilla\/#breadcrumb\"},\"inLanguage\":\"it-IT\",\"potentialAction\":[{\"@type\":\"ReadAction\",\"target\":[\"https:\/\/www.cappellidesign.com\/it\/shop\/dynamic-brand-book-serigrafia-e-spilla\/\"]}]},{\"@type\":\"ImageObject\",\"inLanguage\":\"it-IT\",\"@id\":\"https:\/\/www.cappellidesign.com\/it\/shop\/dynamic-brand-book-serigrafia-e-spilla\/#primaryimage\",\"url\":\"https:\/\/www.cappellidesign.com\/wp-content\/uploads\/2022\/03\/CID_Shop_Kit_BookPinSerigrafia.jpg\",\"contentUrl\":\"https:\/\/www.cappellidesign.com\/wp-content\/uploads\/2022\/03\/CID_Shop_Kit_BookPinSerigrafia.jpg\",\"width\":1920,\"height\":1920,\"caption\":\"Dynamic brand Book + Silkscreen print + Pin\"},{\"@type\":\"BreadcrumbList\",\"@id\":\"https:\/\/www.cappellidesign.com\/it\/shop\/dynamic-brand-book-serigrafia-e-spilla\/#breadcrumb\",\"itemListElement\":[{\"@type\":\"ListItem\",\"position\":1,\"name\":\"Home\",\"item\":\"https:\/\/www.cappellidesign.com\/it\/\"},{\"@type\":\"ListItem\",\"position\":2,\"name\":\"Shop\",\"item\":\"https:\/\/www.cappellidesign.com\/it\/shop\/\"},{\"@type\":\"ListItem\",\"position\":3,\"name\":\"Dynamic brand book, serigrafia e spilla\"}]},{\"@type\":\"WebSite\",\"@id\":\"https:\/\/www.cappellidesign.com\/it\/#website\",\"url\":\"https:\/\/www.cappellidesign.com\/it\/\",\"name\":\"Cappelli Identity Design\",\"description\":\"\",\"publisher\":{\"@id\":\"https:\/\/www.cappellidesign.com\/it\/#organization\"},\"potentialAction\":[{\"@type\":\"SearchAction\",\"target\":{\"@type\":\"EntryPoint\",\"urlTemplate\":\"https:\/\/www.cappellidesign.com\/it\/?s={search_term_string}\"},\"query-input\":{\"@type\":\"PropertyValueSpecification\",\"valueRequired\":true,\"valueName\":\"search_term_string\"}}],\"inLanguage\":\"it-IT\"},{\"@type\":\"Organization\",\"@id\":\"https:\/\/www.cappellidesign.com\/it\/#organization\",\"name\":\"Cappelli Identity Design\",\"url\":\"https:\/\/www.cappellidesign.com\/it\/\",\"logo\":{\"@type\":\"ImageObject\",\"inLanguage\":\"it-IT\",\"@id\":\"https:\/\/www.cappellidesign.com\/it\/#\/schema\/logo\/image\/\",\"url\":\"https:\/\/www.cappellidesign.com\/wp-content\/uploads\/2019\/12\/cappellidesign_logo.svg\",\"contentUrl\":\"https:\/\/www.cappellidesign.com\/wp-content\/uploads\/2019\/12\/cappellidesign_logo.svg\",\"width\":369,\"height\":17,\"caption\":\"Cappelli Identity Design\"},\"image\":{\"@id\":\"https:\/\/www.cappellidesign.com\/it\/#\/schema\/logo\/image\/\"},\"sameAs\":[\"https:\/\/www.facebook.com\/cappellidesign\/\",\"https:\/\/x.com\/cappellidesign\",\"https:\/\/www.instagram.com\/cappellidesign\",\"https:\/\/www.linkedin.com\/company\/cappelli-identity-design\/\"]}]}<\/script>\n<!-- \/ Yoast SEO plugin. -->","yoast_head_json":{"title":"Dynamic brand book, serigrafia e spilla","description":"Il metodo del Dynamic brand nasce dalle analisi del mercato odierno e dalla ricerca di un metodo che possa restituire valore.","robots":{"index":"index","follow":"follow","max-snippet":"max-snippet:-1","max-image-preview":"max-image-preview:large","max-video-preview":"max-video-preview:-1"},"canonical":"https:\/\/www.cappellidesign.com\/it\/shop\/dynamic-brand-book-serigrafia-e-spilla\/","og_locale":"it_IT","og_type":"article","og_title":"Dynamic brand book, serigrafia e spilla","og_description":"Il metodo del Dynamic brand nasce dalle analisi del mercato odierno e dalla ricerca di un metodo che possa restituire valore.","og_url":"https:\/\/www.cappellidesign.com\/it\/shop\/dynamic-brand-book-serigrafia-e-spilla\/","og_site_name":"Cappelli Identity Design","article_publisher":"https:\/\/www.facebook.com\/cappellidesign\/","article_modified_time":"2025-04-08T10:12:03+00:00","og_image":[{"width":1920,"height":1920,"url":"https:\/\/www.cappellidesign.com\/wp-content\/uploads\/2022\/03\/CID_Shop_Kit_BookPinSerigrafia.jpg","type":"image\/jpeg"}],"twitter_card":"summary_large_image","twitter_site":"@cappellidesign","twitter_misc":{"Tempo di lettura stimato":"2 minuti"},"schema":{"@context":"https:\/\/schema.org","@graph":[{"@type":"WebPage","@id":"https:\/\/www.cappellidesign.com\/it\/shop\/dynamic-brand-book-serigrafia-e-spilla\/","url":"https:\/\/www.cappellidesign.com\/it\/shop\/dynamic-brand-book-serigrafia-e-spilla\/","name":"Dynamic brand book, serigrafia e spilla","isPartOf":{"@id":"https:\/\/www.cappellidesign.com\/it\/#website"},"primaryImageOfPage":{"@id":"https:\/\/www.cappellidesign.com\/it\/shop\/dynamic-brand-book-serigrafia-e-spilla\/#primaryimage"},"image":{"@id":"https:\/\/www.cappellidesign.com\/it\/shop\/dynamic-brand-book-serigrafia-e-spilla\/#primaryimage"},"thumbnailUrl":"https:\/\/www.cappellidesign.com\/wp-content\/uploads\/2022\/03\/CID_Shop_Kit_BookPinSerigrafia.jpg","datePublished":"2022-03-23T15:05:30+00:00","dateModified":"2025-04-08T10:12:03+00:00","description":"Il metodo del Dynamic brand nasce dalle analisi del mercato odierno e dalla ricerca di un metodo che possa restituire valore.","breadcrumb":{"@id":"https:\/\/www.cappellidesign.com\/it\/shop\/dynamic-brand-book-serigrafia-e-spilla\/#breadcrumb"},"inLanguage":"it-IT","potentialAction":[{"@type":"ReadAction","target":["https:\/\/www.cappellidesign.com\/it\/shop\/dynamic-brand-book-serigrafia-e-spilla\/"]}]},{"@type":"ImageObject","inLanguage":"it-IT","@id":"https:\/\/www.cappellidesign.com\/it\/shop\/dynamic-brand-book-serigrafia-e-spilla\/#primaryimage","url":"https:\/\/www.cappellidesign.com\/wp-content\/uploads\/2022\/03\/CID_Shop_Kit_BookPinSerigrafia.jpg","contentUrl":"https:\/\/www.cappellidesign.com\/wp-content\/uploads\/2022\/03\/CID_Shop_Kit_BookPinSerigrafia.jpg","width":1920,"height":1920,"caption":"Dynamic brand Book + Silkscreen print + Pin"},{"@type":"BreadcrumbList","@id":"https:\/\/www.cappellidesign.com\/it\/shop\/dynamic-brand-book-serigrafia-e-spilla\/#breadcrumb","itemListElement":[{"@type":"ListItem","position":1,"name":"Home","item":"https:\/\/www.cappellidesign.com\/it\/"},{"@type":"ListItem","position":2,"name":"Shop","item":"https:\/\/www.cappellidesign.com\/it\/shop\/"},{"@type":"ListItem","position":3,"name":"Dynamic brand book, serigrafia e spilla"}]},{"@type":"WebSite","@id":"https:\/\/www.cappellidesign.com\/it\/#website","url":"https:\/\/www.cappellidesign.com\/it\/","name":"Cappelli Identity Design","description":"","publisher":{"@id":"https:\/\/www.cappellidesign.com\/it\/#organization"},"potentialAction":[{"@type":"SearchAction","target":{"@type":"EntryPoint","urlTemplate":"https:\/\/www.cappellidesign.com\/it\/?s={search_term_string}"},"query-input":{"@type":"PropertyValueSpecification","valueRequired":true,"valueName":"search_term_string"}}],"inLanguage":"it-IT"},{"@type":"Organization","@id":"https:\/\/www.cappellidesign.com\/it\/#organization","name":"Cappelli Identity Design","url":"https:\/\/www.cappellidesign.com\/it\/","logo":{"@type":"ImageObject","inLanguage":"it-IT","@id":"https:\/\/www.cappellidesign.com\/it\/#\/schema\/logo\/image\/","url":"https:\/\/www.cappellidesign.com\/wp-content\/uploads\/2019\/12\/cappellidesign_logo.svg","contentUrl":"https:\/\/www.cappellidesign.com\/wp-content\/uploads\/2019\/12\/cappellidesign_logo.svg","width":369,"height":17,"caption":"Cappelli Identity Design"},"image":{"@id":"https:\/\/www.cappellidesign.com\/it\/#\/schema\/logo\/image\/"},"sameAs":["https:\/\/www.facebook.com\/cappellidesign\/","https:\/\/x.com\/cappellidesign","https:\/\/www.instagram.com\/cappellidesign","https:\/\/www.linkedin.com\/company\/cappelli-identity-design\/"]}]}},"_links":{"self":[{"href":"https:\/\/www.cappellidesign.com\/it\/wp-json\/wp\/v2\/product\/12751"}],"collection":[{"href":"https:\/\/www.cappellidesign.com\/it\/wp-json\/wp\/v2\/product"}],"about":[{"href":"https:\/\/www.cappellidesign.com\/it\/wp-json\/wp\/v2\/types\/product"}],"replies":[{"embeddable":true,"href":"https:\/\/www.cappellidesign.com\/it\/wp-json\/wp\/v2\/comments?post=12751"}],"wp:featuredmedia":[{"embeddable":true,"href":"https:\/\/www.cappellidesign.com\/it\/wp-json\/wp\/v2\/media\/36849"}],"wp:attachment":[{"href":"https:\/\/www.cappellidesign.com\/it\/wp-json\/wp\/v2\/media?parent=12751"}],"wp:term":[{"taxonomy":"product_cat","embeddable":true,"href":"https:\/\/www.cappellidesign.com\/it\/wp-json\/wp\/v2\/product_cat?post=12751"},{"taxonomy":"product_tag","embeddable":true,"href":"https:\/\/www.cappellidesign.com\/it\/wp-json\/wp\/v2\/product_tag?post=12751"}],"curies":[{"name":"wp","href":"https:\/\/api.w.org\/{rel}","templated":true}]}}